{"id":68,"date":"2021-03-01T19:31:23","date_gmt":"2021-03-01T19:31:23","guid":{"rendered":"https:\/\/neu.rmelektro.ch\/?page_id=68"},"modified":"2023-04-21T09:16:28","modified_gmt":"2023-04-21T09:16:28","slug":"laden","status":"publish","type":"page","link":"https:\/\/rmelektro.ch\/?page_id=68","title":{"rendered":"Laden"},"content":{"rendered":"\n<p>In unserem Laden f\u00fchren wir ein klassisches Sortiment an Elektrobedarfs- und Zubeh\u00f6rprodukten wie Leuchtmittel, Lampen, <br>Batterien und Elektromaterial. Dieses Sortiment wird durch ein exklusives Angebot rund um den Haushaltbereich, vom <br>Sparsch\u00e4ler \u00fcber den Wecker bis zum B\u00fcgelsystem erg\u00e4nzt und wird mit den Haushaltgrossger\u00e4ten wie Waschmaschinen, <br>Geschirrsp\u00fcler und Gefrierschr\u00e4nken abgerundet.<br><br>Bei uns erhalten Sie unter anderem Produkte nachfolgender Marken;<\/p>\n\n\n\n<div class=\"wp-block-columns is-layout-flex wp-container-core-columns-is-layout-9d6595d7 wp-block-columns-is-layout-flex\">\n<div class=\"wp-block-column is-layout-flow wp-block-column-is-layout-flow\">\n<figure class=\"wp-block-table is-style-stripes\"><table><tbody><tr><td>&#8211; Jura<\/td><td>&#8211; Kuhn Rikon<\/td><\/tr><tr><td>&#8211; Kenwood<\/td><td>&#8211; Victorinox<\/td><\/tr><tr><td>&#8211; Braun<\/td><td>&#8211; Electrolux<\/td><\/tr><tr><td>&#8211; Delonghi<\/td><td>&#8211; V-ZUG<\/td><\/tr><tr><td>&#8211; Laurastar<\/td><td>&#8211; Miele<\/td><\/tr><tr><td>&#8211; Venta<\/td><td>&#8211; Liebherr<\/td><\/tr><\/tbody><\/table><\/figure>\n<\/div>\n\n\n\n<div class=\"wp-block-column is-layout-flow wp-block-column-is-layout-flow\">\n<div class=\"wp-block-media-text alignwide has-media-on-the-right is-stacked-on-mobile\"><div class=\"wp-block-media-text__content\">\n<p>Leerer <strong>Blauer<\/strong> oder <strong>Pinker <\/strong>Zylinder?<br>Kein Problem, bei uns erhalten Sie einen Austauschzylinder!<\/p>\n<\/div><figure class=\"wp-block-media-text__media\"><img loading=\"lazy\" decoding=\"async\" width=\"241\" height=\"209\" src=\"https:\/\/rmelektro.ch\/wp-content\/uploads\/2021\/03\/Sodastream-leer-voll.jpg\" alt=\"\" class=\"wp-image-251 size-full\"\/><\/figure><\/div>\n<\/div>\n<\/div>\n\n\n\n<div style=\"height:17px\" aria-hidden=\"true\" class=\"wp-block-spacer\"><\/div>\n\n\n\n<div class=\"wp-block-group\"><div class=\"wp-block-group__inner-container is-layout-flow wp-block-group-is-layout-flow\">\n<div class=\"wp-block-columns is-layout-flex wp-container-core-columns-is-layout-9d6595d7 wp-block-columns-is-layout-flex\">\n<div class=\"wp-block-column is-layout-flow wp-block-column-is-layout-flow\" style=\"flex-basis:100%\">\n<p class=\"has-text-align-left has-medium-font-size\"><strong>Probon &#8211; Profitieren mit dem Fachgesch\u00e4ft!<\/strong><\/p>\n<\/div>\n<\/div>\n<\/div><\/div>\n\n\n\n<div class=\"wp-block-columns is-layout-flex wp-container-core-columns-is-layout-9d6595d7 wp-block-columns-is-layout-flex\">\n<div class=\"wp-block-column is-layout-flow wp-block-column-is-layout-flow\">\n<div class=\"wp-block-columns is-layout-flex wp-container-core-columns-is-layout-9d6595d7 wp-block-columns-is-layout-flex\">\n<div class=\"wp-block-column is-layout-flow wp-block-column-is-layout-flow\" style=\"flex-basis:66.66%\">\n<div class=\"wp-block-media-text alignwide has-media-on-the-right is-stacked-on-mobile is-vertically-aligned-top\"><div class=\"wp-block-media-text__content\">\n<p>Bei Ihrem Einkauf bei uns im Laden profitieren Sie vom Probon-Punkte-System, ganz klassisch mit den Probon Klebemarken oder digital auf<br>Ihrem Smartphone mit dem E-Probon<\/p>\n<\/div><figure class=\"wp-block-media-text__media\"><a href=\"https:\/\/www.probon.ch\/kunden\/de\/probon\" target=\"_blank\" rel=\"noopener\"><img loading=\"lazy\" decoding=\"async\" width=\"1024\" height=\"1024\" src=\"https:\/\/rmelektro.ch\/wp-content\/uploads\/2023\/04\/probon_1080x1080_mittelland-1024x1024.jpg\" alt=\"\" class=\"wp-image-584 size-full\" srcset=\"https:\/\/rmelektro.ch\/wp-content\/uploads\/2023\/04\/probon_1080x1080_mittelland-1024x1024.jpg 1024w, https:\/\/rmelektro.ch\/wp-content\/uploads\/2023\/04\/probon_1080x1080_mittelland-300x300.jpg 300w, https:\/\/rmelektro.ch\/wp-content\/uploads\/2023\/04\/probon_1080x1080_mittelland-150x150.jpg 150w, https:\/\/rmelektro.ch\/wp-content\/uploads\/2023\/04\/probon_1080x1080_mittelland-768x768.jpg 768w, https:\/\/rmelektro.ch\/wp-content\/uploads\/2023\/04\/probon_1080x1080_mittelland-230x230.jpg 230w, https:\/\/rmelektro.ch\/wp-content\/uploads\/2023\/04\/probon_1080x1080_mittelland-365x365.jpg 365w, https:\/\/rmelektro.ch\/wp-content\/uploads\/2023\/04\/probon_1080x1080_mittelland.jpg 1080w\" sizes=\"auto, (max-width: 1024px) 100vw, 1024px\" \/><\/a><\/figure><\/div>\n<\/div>\n\n\n\n<div class=\"wp-block-column is-layout-flow wp-block-column-is-layout-flow\" style=\"flex-basis:33.33%\"><\/div>\n<\/div>\n<\/div>\n<\/div>\n\n\n\n<div class=\"wp-block-columns is-layout-flex wp-container-core-columns-is-layout-9d6595d7 wp-block-columns-is-layout-flex\">\n<div class=\"wp-block-column is-layout-flow wp-block-column-is-layout-flow\"><\/div>\n\n\n\n<div class=\"wp-block-column is-layout-flow wp-block-column-is-layout-flow\"><\/div>\n<\/div>\n\n\n\n<div class=\"wp-block-group\"><div class=\"wp-block-group__inner-container is-layout-flow wp-block-group-is-layout-flow\">\n<div class=\"wp-block-columns is-layout-flex wp-container-core-columns-is-layout-9d6595d7 wp-block-columns-is-layout-flex\">\n<div class=\"wp-block-column is-layout-flow wp-block-column-is-layout-flow\" style=\"flex-basis:100%\"><\/div>\n<\/div>\n<\/div><\/div>\n","protected":false},"excerpt":{"rendered":"<p>In unserem Laden f\u00fchren wir ein klassisches Sortiment an Elektrobedarfs- und Zubeh\u00f6rprodukten wie Leuchtmittel, Lampen, Batterien und Elektromaterial. Dieses Sortiment wird durch ein exklusives Angebot rund um den Haushaltbereich, vom Sparsch\u00e4ler \u00fcber den Wecker bis zum B\u00fcgelsystem erg\u00e4nzt und wird<\/p>\n","protected":false},"author":1,"featured_media":0,"parent":0,"menu_order":0,"comment_status":"closed","ping_status":"closed","template":"","meta":{"footnotes":""},"class_list":["post-68","page","type-page","status-publish","hentry"],"_links":{"self":[{"href":"https:\/\/rmelektro.ch\/index.php?rest_route=\/wp\/v2\/pages\/68","targetHints":{"allow":["GET"]}}],"collection":[{"href":"https:\/\/rmelektro.ch\/index.php?rest_route=\/wp\/v2\/pages"}],"about":[{"href":"https:\/\/rmelektro.ch\/index.php?rest_route=\/wp\/v2\/types\/page"}],"author":[{"embeddable":true,"href":"https:\/\/rmelektro.ch\/index.php?rest_route=\/wp\/v2\/users\/1"}],"replies":[{"embeddable":true,"href":"https:\/\/rmelektro.ch\/index.php?rest_route=%2Fwp%2Fv2%2Fcomments&post=68"}],"version-history":[{"count":8,"href":"https:\/\/rmelektro.ch\/index.php?rest_route=\/wp\/v2\/pages\/68\/revisions"}],"predecessor-version":[{"id":585,"href":"https:\/\/rmelektro.ch\/index.php?rest_route=\/wp\/v2\/pages\/68\/revisions\/585"}],"wp:attachment":[{"href":"https:\/\/rmelektro.ch\/index.php?rest_route=%2Fwp%2Fv2%2Fmedia&parent=68"}],"curies":[{"name":"wp","href":"https:\/\/api.w.org\/{rel}","templated":true}]}}