{"id":66,"date":"2021-03-01T19:30:54","date_gmt":"2021-03-01T19:30:54","guid":{"rendered":"https:\/\/neu.rmelektro.ch\/?page_id=66"},"modified":"2021-11-12T14:53:07","modified_gmt":"2021-11-12T14:53:07","slug":"elektroinstallation","status":"publish","type":"page","link":"https:\/\/rmelektro.ch\/?page_id=66","title":{"rendered":"Elektroinstallation"},"content":{"rendered":"\n<h5 class=\"wp-block-heading\">Leistungsspektrum<\/h5>\n\n\n\n<ul class=\"wp-block-list\"><li>Beratung, Projektierung und Planung<\/li><li>Installationen in Neu- und Umbauten, Landwirtschaft und Industrie<\/li><li>Beratung und Installation von Elektro-Ladestationen und Photovoltaik-Anlagen<\/li><li>Sanierung Ihrer bestehenden Elektroinstallation und Beleuchtung<\/li><li>Service und Unterhalt<\/li><li>Netzwerk- und EDV-Installationen<\/li><li>Netzbauarbeiten<\/li><li>Geb\u00e4udeautomation und Smart Home<\/li><li>Reparatur und Ersatz von Haushaltger\u00e4ten<\/li><\/ul>\n\n\n\n<h5 class=\"wp-block-heading\">Individualit\u00e4t &amp; Qualit\u00e4t<\/h5>\n\n\n\n<p>Mit unseren ausgewiesenen Fachleuten bieten wir Ihnen das Expertenwissen um Ihre <br>individuellen W\u00fcnsche im Elektroinstallationsbereich zu realisieren.<br><br>Um Ihnen nebst unserem Fachwissen die bestm\u00f6gliche Qualit\u00e4t an Material und externen <br>Dienstleistungen zu bieten, arbeiten wir mit sorgf\u00e4ltig ausgesuchten und zuverl\u00e4ssigen Partnern <br>zusammen. So gelingt es uns, Ihren Anforderungen und individuellen W\u00fcnschen gerecht zu werden.<br><br><strong>Bei uns steht Ihre Zufriedenheit an erster Stelle!<\/strong><br><br><\/p>\n\n\n\n<figure class=\"wp-block-gallery columns-3 is-cropped wp-block-gallery-1 is-layout-flex wp-block-gallery-is-layout-flex\"><ul class=\"blocks-gallery-grid\"><li class=\"blocks-gallery-item\"><figure><img loading=\"lazy\" decoding=\"async\" width=\"300\" height=\"200\" src=\"https:\/\/rmelektro.ch\/wp-content\/uploads\/2021\/03\/Plan-mit-Backstein-300x200.jpg\" alt=\"\" data-id=\"106\" data-full-url=\"https:\/\/rmelektro.ch\/wp-content\/uploads\/2021\/03\/Plan-mit-Backstein.jpg\" data-link=\"https:\/\/rmelektro.ch\/?attachment_id=106\" class=\"wp-image-106\" srcset=\"https:\/\/rmelektro.ch\/wp-content\/uploads\/2021\/03\/Plan-mit-Backstein-300x200.jpg 300w, https:\/\/rmelektro.ch\/wp-content\/uploads\/2021\/03\/Plan-mit-Backstein.jpg 424w\" sizes=\"auto, (max-width: 300px) 100vw, 300px\" \/><\/figure><\/li><li class=\"blocks-gallery-item\"><figure><img loading=\"lazy\" decoding=\"async\" width=\"300\" height=\"225\" src=\"https:\/\/rmelektro.ch\/wp-content\/uploads\/2021\/02\/wEdit.Fotolia_3086005_XS-300x225.jpg\" alt=\"\" data-id=\"40\" data-full-url=\"https:\/\/rmelektro.ch\/wp-content\/uploads\/2021\/02\/wEdit.Fotolia_3086005_XS.jpg\" data-link=\"https:\/\/rmelektro.ch\/?attachment_id=40\" class=\"wp-image-40\" srcset=\"https:\/\/rmelektro.ch\/wp-content\/uploads\/2021\/02\/wEdit.Fotolia_3086005_XS-300x225.jpg 300w, https:\/\/rmelektro.ch\/wp-content\/uploads\/2021\/02\/wEdit.Fotolia_3086005_XS.jpg 400w\" sizes=\"auto, (max-width: 300px) 100vw, 300px\" \/><\/figure><\/li><li class=\"blocks-gallery-item\"><figure><img loading=\"lazy\" decoding=\"async\" width=\"666\" height=\"375\" src=\"https:\/\/rmelektro.ch\/wp-content\/uploads\/2021\/03\/Photo_6553940_DJI_340_jpg_4202139_0_202132171452_photo_original.jpg\" alt=\"Rohrinstallation von einem Neubau\" data-id=\"87\" data-full-url=\"https:\/\/rmelektro.ch\/wp-content\/uploads\/2021\/03\/Photo_6553940_DJI_340_jpg_4202139_0_202132171452_photo_original.jpg\" data-link=\"https:\/\/rmelektro.ch\/?attachment_id=87\" class=\"wp-image-87\" srcset=\"https:\/\/rmelektro.ch\/wp-content\/uploads\/2021\/03\/Photo_6553940_DJI_340_jpg_4202139_0_202132171452_photo_original.jpg 666w, https:\/\/rmelektro.ch\/wp-content\/uploads\/2021\/03\/Photo_6553940_DJI_340_jpg_4202139_0_202132171452_photo_original-300x169.jpg 300w\" sizes=\"auto, (max-width: 666px) 100vw, 666px\" \/><\/figure><\/li><\/ul><\/figure>\n","protected":false},"excerpt":{"rendered":"<p>Leistungsspektrum Beratung, Projektierung und Planung Installationen in Neu- und Umbauten, Landwirtschaft und Industrie Beratung und Installation von Elektro-Ladestationen und Photovoltaik-Anlagen Sanierung Ihrer bestehenden Elektroinstallation und Beleuchtung Service und Unterhalt Netzwerk- und EDV-Installationen Netzbauarbeiten Geb\u00e4udeautomation und Smart Home Reparatur und Ersatz<\/p>\n","protected":false},"author":1,"featured_media":0,"parent":0,"menu_order":0,"comment_status":"closed","ping_status":"closed","template":"","meta":{"footnotes":""},"class_list":["post-66","page","type-page","status-publish","hentry"],"_links":{"self":[{"href":"https:\/\/rmelektro.ch\/index.php?rest_route=\/wp\/v2\/pages\/66","targetHints":{"allow":["GET"]}}],"collection":[{"href":"https:\/\/rmelektro.ch\/index.php?rest_route=\/wp\/v2\/pages"}],"about":[{"href":"https:\/\/rmelektro.ch\/index.php?rest_route=\/wp\/v2\/types\/page"}],"author":[{"embeddable":true,"href":"https:\/\/rmelektro.ch\/index.php?rest_route=\/wp\/v2\/users\/1"}],"replies":[{"embeddable":true,"href":"https:\/\/rmelektro.ch\/index.php?rest_route=%2Fwp%2Fv2%2Fcomments&post=66"}],"version-history":[{"count":18,"href":"https:\/\/rmelektro.ch\/index.php?rest_route=\/wp\/v2\/pages\/66\/revisions"}],"predecessor-version":[{"id":462,"href":"https:\/\/rmelektro.ch\/index.php?rest_route=\/wp\/v2\/pages\/66\/revisions\/462"}],"wp:attachment":[{"href":"https:\/\/rmelektro.ch\/index.php?rest_route=%2Fwp%2Fv2%2Fmedia&parent=66"}],"curies":[{"name":"wp","href":"https:\/\/api.w.org\/{rel}","templated":true}]}}