{"id":214,"date":"2021-03-19T10:49:40","date_gmt":"2021-03-19T10:49:40","guid":{"rendered":"https:\/\/neu.rmelektro.ch\/?page_id=214"},"modified":"2026-02-09T14:08:03","modified_gmt":"2026-02-09T14:08:03","slug":"haushaltgeraete","status":"publish","type":"page","link":"https:\/\/rmelektro.ch\/?page_id=214","title":{"rendered":"Haushaltger\u00e4te"},"content":{"rendered":"\n<div style=\"height:8px\" aria-hidden=\"true\" class=\"wp-block-spacer\"><\/div>\n\n\n\n<h5 class=\"wp-block-heading\">Haushaltger\u00e4te aus dem Fachgesch\u00e4ft &#8211;<strong> <\/strong><br>Beratung, Analyse vor Ort, Reparatur oder Ersatz von Haushaltger\u00e4ten aus einer Hand<\/h5>\n\n\n\n<p>Ist Ihr Haushaltger\u00e4t defekt &#8211; Neuger\u00e4t oder Reparatur? oder m\u00f6chten Sie einfach Ihr altes Ger\u00e4t durch ein Energieeffizientes ersetzen?<br>Gerne beraten wir Sie bei Ihrer Entscheidung und bieten Ihnen auch eine individuelle Analyse bei Ihnen zu Hause an.<\/p>\n\n\n\n<p>Bei uns erhalten Sie das komplette Angebot an Haushaltger\u00e4ten wie Geschirrsp\u00fcler, Steamer, K\u00fchlschr\u00e4nke, Waschmaschinen uvm.<br>f\u00fcr das Eigenheim, die Mietwohnung oder das Mehrfamilienhaus und k\u00f6nnen dabei von einer grossen Auswahl an Ger\u00e4ten der  <br>f\u00fchrenden Ger\u00e4temarken proftieren. Mit unseren ausgewiesenen Fachleuten wechseln wir Ihr ausgew\u00e4hltes Haushaltger\u00e4t aus und<br>entsorgen Ihr altes Ger\u00e4t sowie die Verpackungsmaterialien gem\u00e4ss den aktuellen Umweltrichtlinien. Auch nach dem Kauf stehen wir<br>Ihnen bei Fragen und Anliegen rund um Ihr Ger\u00e4t gerne zur Verf\u00fcgung.<\/p>\n\n\n\n<p>Reparaturen an Ihren Haushaltger\u00e4ten f\u00fchren wir mit den Original-Ersatzteilen der jeweiligen Ger\u00e4temarke aus und arbeiten dabei eng mit<br>den Ger\u00e4teherstellern zusammen um Ihnen einen optimalen Service zu bieten.<\/p>\n\n\n\n<div style=\"height:18px\" aria-hidden=\"true\" class=\"wp-block-spacer\"><\/div>\n\n\n\n<h6 class=\"wp-block-heading\"><strong>Wir sind ELITE ELECTRO-Partner<\/strong>        <a href=\"https:\/\/www.electro-partner.ch\/de\/elektrotechnik\/haushaltsgeraete\/\" target=\"_blank\" rel=\"noreferrer noopener\"><img loading=\"lazy\" decoding=\"async\" width=\"150\" height=\"47\" class=\"wp-image-287\" style=\"width: 150px;\" src=\"https:\/\/rmelektro.ch\/wp-content\/uploads\/2021\/03\/ELITE-Electro-Partner.png\" alt=\"\" srcset=\"https:\/\/rmelektro.ch\/wp-content\/uploads\/2021\/03\/ELITE-Electro-Partner.png 398w, https:\/\/rmelektro.ch\/wp-content\/uploads\/2021\/03\/ELITE-Electro-Partner-300x95.png 300w\" sizes=\"auto, (max-width: 150px) 100vw, 150px\" \/><\/a><br>ELITE Exklusivmodelle sind eine Auswahl an Haushaltger\u00e4ten von f\u00fchrenden Marken speziell f\u00fcr den Fachhandel.<\/h6>\n\n\n\n<div style=\"height:12px\" aria-hidden=\"true\" class=\"wp-block-spacer\"><\/div>\n\n\n\n\n\n<div style=\"text-align:center;\"><iframe loading=\"lazy\" src=\"\/\/v.calameo.com\/?bkcode=0081164532404e8cae74e&#038;mode=mini&#038;wmode=transparent&#038;clickto=view&#038;autoflip=4&#038;clicktarget=_blank\" width=\"100%\" height=\"300\" frameborder=\"0\" scrolling=\"no\" allowtransparency allowfullscreen style=\"margin:0 auto; witdh:100%; height:auto; aspect-ratio:4\/3\"><\/iframe><\/div>\n\n\n\n<p><\/p>\n","protected":false},"excerpt":{"rendered":"<p>Haushaltger\u00e4te aus dem Fachgesch\u00e4ft &#8211; Beratung, Analyse vor Ort, Reparatur oder Ersatz von Haushaltger\u00e4ten aus einer Hand Ist Ihr Haushaltger\u00e4t defekt &#8211; Neuger\u00e4t oder Reparatur? oder m\u00f6chten Sie einfach Ihr altes Ger\u00e4t durch ein Energieeffizientes ersetzen?Gerne beraten wir Sie bei<\/p>\n","protected":false},"author":1,"featured_media":0,"parent":0,"menu_order":0,"comment_status":"closed","ping_status":"closed","template":"","meta":{"footnotes":""},"class_list":["post-214","page","type-page","status-publish","hentry"],"_links":{"self":[{"href":"https:\/\/rmelektro.ch\/index.php?rest_route=\/wp\/v2\/pages\/214","targetHints":{"allow":["GET"]}}],"collection":[{"href":"https:\/\/rmelektro.ch\/index.php?rest_route=\/wp\/v2\/pages"}],"about":[{"href":"https:\/\/rmelektro.ch\/index.php?rest_route=\/wp\/v2\/types\/page"}],"author":[{"embeddable":true,"href":"https:\/\/rmelektro.ch\/index.php?rest_route=\/wp\/v2\/users\/1"}],"replies":[{"embeddable":true,"href":"https:\/\/rmelektro.ch\/index.php?rest_route=%2Fwp%2Fv2%2Fcomments&post=214"}],"version-history":[{"count":17,"href":"https:\/\/rmelektro.ch\/index.php?rest_route=\/wp\/v2\/pages\/214\/revisions"}],"predecessor-version":[{"id":846,"href":"https:\/\/rmelektro.ch\/index.php?rest_route=\/wp\/v2\/pages\/214\/revisions\/846"}],"wp:attachment":[{"href":"https:\/\/rmelektro.ch\/index.php?rest_route=%2Fwp%2Fv2%2Fmedia&parent=214"}],"curies":[{"name":"wp","href":"https:\/\/api.w.org\/{rel}","templated":true}]}}